{"id":51,"date":"2015-04-21T08:32:44","date_gmt":"2015-04-21T08:32:44","guid":{"rendered":"http:\/\/lsfpitous.fr\/?page_id=51"},"modified":"2015-09-20T19:05:51","modified_gmt":"2015-09-20T19:05:51","slug":"lassociation","status":"publish","type":"page","link":"https:\/\/lsfpitous.fr\/","title":{"rendered":"L&rsquo;association"},"content":{"rendered":"<p style=\"text-align: center;\">Bonjour, Bienvenue sur notre Blog de l&rsquo;association<\/p>\n<p style=\"text-align: center;\"><strong><span style=\"font-size: 300%;\">LSF PI TOUS<\/span><\/strong><\/p>\n<p>Notre association\u00a0\u0153uvre dans le but de promouvoir la Langue des Signes Fran\u00e7aise au travers d&rsquo;activit\u00e9s m\u00ealant sourds et entendants et l&rsquo;organisation d&rsquo;ateliers s&rsquo;adressant \u00e0 diff\u00e9rentes formes de Handicap par la communication non verbale.<\/p>\n<p><strong>Le projet de l&rsquo;association est de cr\u00e9er une structure qui permette de f\u00e9d\u00e9rer sourds et entendants autour de la promotion de la Langue des Signes Fran\u00e7aise (LSF) dans sa fonction premi\u00e8re de communication avec les personnes sourdes mais aussi \u00e0 d&rsquo;autres fins :<\/strong><\/p>\n<ul>\n<li><strong>Th\u00e9rapeutique :<\/strong>\n<ul>\n<li><strong>initiation aux gestes de premiers secours bilingue Fran\u00e7ais\/LSF\u00a0<\/strong><\/li>\n<li><strong>m\u00e9thode de communication non verbale pour les personnes aphasiques et\/ou victimes d\u2019AVC \u00a0<\/strong><\/li>\n<li><strong>maintien des acquis et stimulation de la motricit\u00e9 fine des doigts et de la main lors d\u2019un handicap provisoire ou permanent\u00a0<\/strong><\/li>\n<li><strong>ateliers m\u00e9moire \u00e0 destination des personnes \u00e2g\u00e9es, des personnes souffrant de la maladie d&rsquo;Alzheimer, d&rsquo;enfants autistes ou souffrants de trisomie 21 au travers de jeux utilisant la LSF&#8230;.\u00a0<\/strong><\/li>\n<\/ul>\n<\/li>\n<\/ul>\n<p><strong>\u00a0<\/strong><\/p>\n<ul>\n<li><strong>Communication :<\/strong>\n<ul>\n<li><strong>avec des personnes sourdes dans le cadre des secours d&rsquo;urgence<\/strong><\/li>\n<li><strong>une assistance \u00e0 la communication \u00e9crite aupr\u00e8s des personnes sourdes<\/strong><\/li>\n<\/ul>\n<\/li>\n<\/ul>\n<p><strong>\u00a0<\/strong><\/p>\n<ul>\n<li><strong>Culturelle et p\u00e9dagogique :<\/strong>\n<ul>\n<li><strong>Rencontres, activit\u00e9s communes sourds\/entendants\u00a0<\/strong><\/li>\n<li><strong>Ateliers d&rsquo;\u00e9veil\u00a0musical pour personnes sourdes\u00a0<\/strong><\/li>\n<li><strong>Ateliers de sensibilisation \u00e0 la LSF<\/strong><\/li>\n<li><strong>Ateliers p\u00e9riscolaires<\/strong><\/li>\n<\/ul>\n<\/li>\n<\/ul>\n<p style=\"text-align: center;\"><a href=\"https:\/\/lsfpitous.fr\/wp-content\/uploads\/2015\/04\/1546347_642758062509465_1785536817423142764_n.jpg\"><img loading=\"lazy\" decoding=\"async\" class=\" size-medium wp-image-5 aligncenter\" src=\"https:\/\/lsfpitous.fr\/wp-content\/uploads\/2015\/04\/1546347_642758062509465_1785536817423142764_n-300x300.jpg\" alt=\"1546347_642758062509465_1785536817423142764_n\" width=\"300\" height=\"300\" srcset=\"https:\/\/lsfpitous.fr\/wp-content\/uploads\/2015\/04\/1546347_642758062509465_1785536817423142764_n-300x300.jpg 300w, https:\/\/lsfpitous.fr\/wp-content\/uploads\/2015\/04\/1546347_642758062509465_1785536817423142764_n-150x150.jpg 150w, https:\/\/lsfpitous.fr\/wp-content\/uploads\/2015\/04\/1546347_642758062509465_1785536817423142764_n.jpg 640w\" sizes=\"(max-width: 300px) 100vw, 300px\" \/><\/a><\/p>\n<p style=\"text-align: center;\"><a href=\"https:\/\/lsfpitous.fr\/wp-content\/uploads\/2015\/04\/anne_marie_carine.jpg\"><img loading=\"lazy\" decoding=\"async\" class=\" size-medium wp-image-7 aligncenter\" src=\"https:\/\/lsfpitous.fr\/wp-content\/uploads\/2015\/04\/anne_marie_carine-300x213.jpg\" alt=\"anne_marie_carine\" width=\"300\" height=\"213\" srcset=\"https:\/\/lsfpitous.fr\/wp-content\/uploads\/2015\/04\/anne_marie_carine-300x213.jpg 300w, https:\/\/lsfpitous.fr\/wp-content\/uploads\/2015\/04\/anne_marie_carine-1024x728.jpg 1024w, https:\/\/lsfpitous.fr\/wp-content\/uploads\/2015\/04\/anne_marie_carine-676x481.jpg 676w\" sizes=\"(max-width: 300px) 100vw, 300px\" \/><\/a><\/p>\n<p><strong>\u00a0<a href=\"https:\/\/lsfpitous.fr\/wp-content\/uploads\/2015\/04\/dons.jpg\"><img loading=\"lazy\" decoding=\"async\" class=\"  wp-image-93 aligncenter\" src=\"https:\/\/lsfpitous.fr\/wp-content\/uploads\/2015\/04\/dons.jpg\" alt=\"dons\" width=\"247\" height=\"173\" srcset=\"https:\/\/lsfpitous.fr\/wp-content\/uploads\/2015\/04\/dons.jpg 991w, https:\/\/lsfpitous.fr\/wp-content\/uploads\/2015\/04\/dons-300x210.jpg 300w\" sizes=\"(max-width: 247px) 100vw, 247px\" \/><\/a><br \/>\n<\/strong><\/p>\n","protected":false},"excerpt":{"rendered":"<p>Bonjour, Bienvenue sur notre Blog de l&rsquo;association LSF PI TOUS Notre association\u00a0\u0153uvre dans le but de promouvoir la Langue des Signes Fran\u00e7aise au travers d&rsquo;activit\u00e9s m\u00ealant sourds et entendants et l&rsquo;organisation d&rsquo;ateliers s&rsquo;adressant \u00e0 diff\u00e9rentes formes de Handicap par la communication non verbale. Le projet de l&rsquo;association est de cr\u00e9er une structure qui permette de [&hellip;]<\/p>\n","protected":false},"author":1,"featured_media":0,"parent":0,"menu_order":0,"comment_status":"open","ping_status":"open","template":"","meta":{"footnotes":""},"_links":{"self":[{"href":"https:\/\/lsfpitous.fr\/index.php?rest_route=\/wp\/v2\/pages\/51"}],"collection":[{"href":"https:\/\/lsfpitous.fr\/index.php?rest_route=\/wp\/v2\/pages"}],"about":[{"href":"https:\/\/lsfpitous.fr\/index.php?rest_route=\/wp\/v2\/types\/page"}],"author":[{"embeddable":true,"href":"https:\/\/lsfpitous.fr\/index.php?rest_route=\/wp\/v2\/users\/1"}],"replies":[{"embeddable":true,"href":"https:\/\/lsfpitous.fr\/index.php?rest_route=%2Fwp%2Fv2%2Fcomments&post=51"}],"version-history":[{"count":2,"href":"https:\/\/lsfpitous.fr\/index.php?rest_route=\/wp\/v2\/pages\/51\/revisions"}],"predecessor-version":[{"id":96,"href":"https:\/\/lsfpitous.fr\/index.php?rest_route=\/wp\/v2\/pages\/51\/revisions\/96"}],"wp:attachment":[{"href":"https:\/\/lsfpitous.fr\/index.php?rest_route=%2Fwp%2Fv2%2Fmedia&parent=51"}],"curies":[{"name":"wp","href":"https:\/\/api.w.org\/{rel}","templated":true}]}}